{"id":42,"date":"2020-11-13T14:09:35","date_gmt":"2020-11-13T13:09:35","guid":{"rendered":"http:\/\/marelookeuse.com\/?post_type=product&#038;p=42"},"modified":"2020-11-13T14:13:30","modified_gmt":"2020-11-13T13:13:30","slug":"robe-de-soiree","status":"publish","type":"product","link":"http:\/\/marelookeuse.com\/index.php\/produit\/robe-de-soiree\/","title":{"rendered":"Robes de soir\u00e9e"},"content":{"rendered":"<p>Toute une gamme de jolies robes de soir\u00e9es.<br \/>\nPossibilit\u00e9 de commander par t\u00e9l\u00e9phone. Et sur Rendez vous vous pourrez venir chercher l&#8217;article d\u00e9sir\u00e9 qui vous sera mis de c\u00f4t\u00e9.<br \/>\nClick and Collect.  <\/p>\n","protected":false},"excerpt":{"rendered":"<p>Toute une gamme de jolies robes de soir\u00e9es. Possibilit\u00e9 de commander par t\u00e9l\u00e9phone. Et sur Rendez vous vous pourrez venir chercher l&#8217;article d\u00e9sir\u00e9 qui vous sera mis de c\u00f4t\u00e9. Click and Collect.<\/p>\n","protected":false},"featured_media":32,"comment_status":"open","ping_status":"closed","template":"","meta":[],"class_list":["post-42","product","type-product","status-publish","has-post-thumbnail","hentry","product_cat-non-classe"],"_links":{"self":[{"href":"http:\/\/marelookeuse.com\/index.php\/wp-json\/wp\/v2\/product\/42"}],"collection":[{"href":"http:\/\/marelookeuse.com\/index.php\/wp-json\/wp\/v2\/product"}],"about":[{"href":"http:\/\/marelookeuse.com\/index.php\/wp-json\/wp\/v2\/types\/product"}],"replies":[{"embeddable":true,"href":"http:\/\/marelookeuse.com\/index.php\/wp-json\/wp\/v2\/comments?post=42"}],"wp:featuredmedia":[{"embeddable":true,"href":"http:\/\/marelookeuse.com\/index.php\/wp-json\/wp\/v2\/media\/32"}],"wp:attachment":[{"href":"http:\/\/marelookeuse.com\/index.php\/wp-json\/wp\/v2\/media?parent=42"}],"curies":[{"name":"wp","href":"https:\/\/api.w.org\/{rel}","templated":true}]}}