{"id":41,"date":"2020-11-13T14:00:02","date_gmt":"2020-11-13T13:00:02","guid":{"rendered":"http:\/\/marelookeuse.com\/?post_type=product&#038;p=41"},"modified":"2020-11-13T16:16:57","modified_gmt":"2020-11-13T15:16:57","slug":"essai","status":"publish","type":"product","link":"http:\/\/marelookeuse.com\/index.php\/produit\/essai\/","title":{"rendered":"Robes de soir\u00e9e &#8211; Beige Ros\u00e9e"},"content":{"rendered":"","protected":false},"excerpt":{"rendered":"<p>Robes de soir\u00e9e<\/p>\n","protected":false},"featured_media":33,"comment_status":"open","ping_status":"closed","template":"","meta":[],"class_list":["post-41","product","type-product","status-publish","has-post-thumbnail","hentry","product_cat-robes-de-soiree"],"_links":{"self":[{"href":"http:\/\/marelookeuse.com\/index.php\/wp-json\/wp\/v2\/product\/41"}],"collection":[{"href":"http:\/\/marelookeuse.com\/index.php\/wp-json\/wp\/v2\/product"}],"about":[{"href":"http:\/\/marelookeuse.com\/index.php\/wp-json\/wp\/v2\/types\/product"}],"replies":[{"embeddable":true,"href":"http:\/\/marelookeuse.com\/index.php\/wp-json\/wp\/v2\/comments?post=41"}],"wp:featuredmedia":[{"embeddable":true,"href":"http:\/\/marelookeuse.com\/index.php\/wp-json\/wp\/v2\/media\/33"}],"wp:attachment":[{"href":"http:\/\/marelookeuse.com\/index.php\/wp-json\/wp\/v2\/media?parent=41"}],"curies":[{"name":"wp","href":"https:\/\/api.w.org\/{rel}","templated":true}]}}